{"id":101,"date":"2025-07-10T19:33:47","date_gmt":"2025-07-10T17:33:47","guid":{"rendered":"https:\/\/webidentity.ch\/?page_id=101"},"modified":"2026-01-06T13:49:46","modified_gmt":"2026-01-06T12:49:46","slug":"contact","status":"publish","type":"page","link":"https:\/\/webidentity.ch\/fr\/contact\/","title":{"rendered":"Contact"},"content":{"rendered":"<h1>\n<p class=\"p1\">Contactez notre \u00e9quipe<\/p>\n<\/h1>\n<div>\n<p class=\"p1\">Une question, un projet ou un besoin de support ?<\/p>\n<p class=\"p1\">Chez Webidentity, vous parlez directement avec des personnes r\u00e9elles \u2014 passionn\u00e9es, r\u00e9actives et \u00e0 votre \u00e9coute.<\/p>\n<\/div>\n<h2><span class=\"s1\">\ud83d\udca1 <\/span>Besoin d\u2019assistance ?<b><\/b><\/h2>\n<div>\n<p>Pour une demande de d\u00e9pannage ou un probl\u00e8me technique, rendez-vous directement sur notre <a href=\"\/fr\/help\/\">page support<\/a>.<\/p>\n<\/div>\n<h2>\n<p>\ud83e\udd1d Parlons de vos projets IT<\/p>\n<\/h2>\n<div>\n<p class=\"p1\">Chez <span class=\"s1\"><b>Webidentity<\/b><\/span>, nous croyons qu\u2019un bon partenariat commence toujours par une vraie discussion.<\/p>\n<p class=\"p1\">Que vous soyez d\u00e9j\u00e0 client ou que vous d\u00e9couvriez nos services, notre \u00e9quipe est l\u00e0 pour vous accompagner, vous conseiller et vous orienter vers la meilleure solution.<\/p>\n<p class=\"p1\">\ud83d\udc49 Remplissez simplement le formulaire ci-contre, un expert vous recontactera sous 48h.<\/p>\n<\/div>\n<h2><span class=\"s1\">\ud83d\udccd <\/span>Coordon\u00e9es<b><\/b><\/h2>\n<ul>\n<li>\n<p><a href=\"mailto:bonjour@webidentity.ch\"><\/p>\n<p class=\"p1\"><b>bonjour@webidentity.ch<\/b><\/p>\n<p><\/a><\/p>\n<\/li>\n<li>\n<p><a href=\"tel:+41273207600\"><strong>027 320 76 00<\/strong><\/a><\/p>\n<\/li>\n<li>\n<div>Lun. au ven. de 8:00-12:00, 13:30 \u00e0 17:30<\/div>\n<\/li>\n<\/ul>\n<hr>\n<div>\n<p>Webidentity S\u00e0rl<br \/>Route des Belles Truches 6<br \/>1897 Le Bouveret (VS), Suisse<\/p>\n<\/div>\n<div>\n\n\t\t\t<div\n\t\t\tclass=\"hs-form-frame\"\n\t\t\tdata-region=\"eu1\"\n\t\t\tdata-form-id=\"78cb7637-ae46-4e6b-a0a9-ffb732cd392c\"\n\t\t\tdata-portal-id=\"145401371\"\n\t\t\t >\n\t\t\t<\/div>\n\t\t\t\n<\/div>\n<p><!--more--><br \/>\n<!-- {\"type\":\"layout\",\"children\":[{\"type\":\"section\",\"props\":{\"animation\":\"slide-bottom-medium\",\"animation_delay\":\"100\",\"header_transparent\":false,\"header_transparent_noplaceholder\":false,\"header_transparent_text_color\":\"light\",\"image_position\":\"center-center\",\"overlap\":false,\"padding\":\"large\",\"padding_remove_bottom\":false,\"padding_remove_top\":false,\"preserve_color\":false,\"style\":\"secondary\",\"title_breakpoint\":\"xl\",\"title_position\":\"top-left\",\"title_rotation\":\"left\",\"vertical_align\":\"\",\"width\":\"default\"},\"children\":[{\"type\":\"row\",\"children\":[{\"type\":\"column\",\"props\":{\"image_position\":\"center-center\",\"position_sticky_breakpoint\":\"m\"},\"children\":[{\"type\":\"headline\",\"props\":{\"content\":\"\n\n<p class=\\\"p1\\\">Contactez notre \\u00e9quipe<\\\/p>\",\"margin\":\"remove-vertical\",\"text_align\":\"center\",\"title_element\":\"h1\",\"title_style\":\"heading-small\"}},{\"type\":\"text\",\"props\":{\"block_align\":\"center\",\"column_breakpoint\":\"m\",\"content\":\"\n\n<p class=\\\"p1\\\">Une question, un projet ou un besoin de support ?<\\\/p>\\n\n\n<p class=\\\"p1\\\">Chez Webidentity, vous parlez directement avec des personnes r\\u00e9elles \\u2014 passionn\\u00e9es, r\\u00e9actives et \\u00e0 votre \\u00e9coute.<\\\/p>\",\"margin\":\"default\",\"maxwidth\":\"xlarge\",\"text_align\":\"center\",\"text_style\":\"lead\"}}]}],\"props\":{\"margin\":\"large\"}}],\"name\":\"Hero\",\"modified\":\"2021-01-13T15:56:34.607Z\"},{\"type\":\"section\",\"props\":{\"image_position\":\"center-center\",\"padding\":\"large\",\"style\":\"default\",\"title_breakpoint\":\"xl\",\"title_position\":\"top-left\",\"title_rotation\":\"left\",\"vertical_align\":\"middle\",\"width\":\"default\"},\"children\":[{\"type\":\"row\",\"children\":[{\"type\":\"column\",\"props\":{\"image_position\":\"center-center\",\"position_sticky_breakpoint\":\"m\"},\"children\":[{\"type\":\"headline\",\"props\":{\"content\":\"<span class=\\\"s1\\\">\\ud83d\\udca1 <\\\/span>Besoin d\\u2019assistance ?<b><\\\/b>\",\"title_element\":\"h2\",\"title_style\":\"h4\"}},{\"type\":\"text\",\"props\":{\"column_breakpoint\":\"m\",\"content\":\"\n\n<p>Pour une demande de d\\u00e9pannage ou un probl\\u00e8me technique, rendez-vous directement sur notre <a href=\\\"\\\/fr\\\/help\\\/\\\">page support<\\\/a>.<\\\/p>\",\"margin\":\"default\"}}]}]},{\"type\":\"row\",\"props\":{\"layout\":\"1-3,2-3\",\"margin\":\"large\"},\"children\":[{\"type\":\"column\",\"props\":{\"image_position\":\"center-center\",\"position_sticky_breakpoint\":\"m\",\"width_medium\":\"1-3\"},\"children\":[{\"type\":\"headline\",\"props\":{\"content\":\"\n\n<p>\\ud83e\\udd1d Parlons de vos projets IT<\\\/p>\",\"title_element\":\"h2\",\"title_style\":\"h4\"}},{\"type\":\"text\",\"props\":{\"column_breakpoint\":\"m\",\"content\":\"\n\n<p class=\\\"p1\\\">Chez <span class=\\\"s1\\\"><b>Webidentity<\\\/b><\\\/span>, nous croyons qu\\u2019un bon partenariat commence toujours par une vraie discussion.<\\\/p>\\n\n\n<p class=\\\"p1\\\">Que vous soyez d\\u00e9j\\u00e0 client ou que vous d\\u00e9couvriez nos services, notre \\u00e9quipe est l\\u00e0 pour vous accompagner, vous conseiller et vous orienter vers la meilleure solution.<\\\/p>\\n\n\n<p class=\\\"p1\\\">\\ud83d\\udc49 Remplissez simplement le formulaire ci-contre, un expert vous recontactera sous 48h.<\\\/p>\",\"margin\":\"large\",\"margin_remove_top\":true}},{\"type\":\"headline\",\"props\":{\"content\":\"<span class=\\\"s1\\\">\\ud83d\\udccd <\\\/span>Coordon\\u00e9es<b><\\\/b>\",\"title_element\":\"h2\",\"title_style\":\"h4\"}},{\"type\":\"list\",\"props\":{\"column_breakpoint\":\"m\",\"image_align\":\"left\",\"image_svg_color\":\"emphasis\",\"image_vertical_align\":true,\"list_element\":\"ul\",\"list_horizontal_separator\":\", \",\"list_type\":\"vertical\",\"margin_remove_bottom\":false,\"margin_remove_top\":false,\"show_image\":true,\"show_link\":true},\"children\":[{\"type\":\"list_item\",\"props\":{\"content\":\"\n\n<p class=\\\"p1\\\"><b>bonjour@webidentity.ch<\\\/b><\\\/p>\",\"icon\":\"mail\",\"link\":\"mailto:bonjour@webidentity.ch\"}},{\"type\":\"list_item\",\"props\":{\"content\":\"<strong>027 320 76 00<\\\/strong>\",\"icon\":\"receiver\",\"link\":\"tel:+41273207600\"}},{\"type\":\"list_item\",\"props\":{\"content\":\"Lun. au ven. de 8:00-12:00, 13:30 \\u00e0 17:30\",\"icon\":\"clock\"}}]},{\"type\":\"divider\",\"props\":{\"blend\":false,\"divider_element\":\"hr\",\"divider_style\":\"small\",\"margin\":\"large\",\"margin_remove_bottom\":true,\"margin_remove_top\":true}},{\"type\":\"text\",\"props\":{\"column_breakpoint\":\"m\",\"content\":\"\n\n<p>Webidentity S\\u00e0rl<br \\\/>Route des Belles Truches 6<br \\\/>1897 Le Bouveret (VS), Suisse<\\\/p>\",\"margin\":\"default\",\"margin_remove_top\":false}}]},{\"type\":\"column\",\"props\":{\"image_position\":\"center-center\",\"position_sticky_breakpoint\":\"m\",\"style\":\"card-default\",\"width_medium\":\"2-3\"},\"children\":[{\"type\":\"text\",\"props\":{\"column_breakpoint\":\"m\",\"content\":\"\n\n<p>[hubspot type=\\\"form\\\" portal=\\\"145401371\\\" id=\\\"78cb7637-ae46-4e6b-a0a9-ffb732cd392c\\\" version=\\\"v4\\\"]<\\\/p>\",\"margin\":\"default\"}}]}]}]}],\"version\":\"4.5.33\"} --><\/p>\n","protected":false},"excerpt":{"rendered":"<p>Contactez notre \u00e9quipe Une question, un projet ou un besoin de support ? Chez Webidentity, vous parlez directement avec des personnes r\u00e9elles \u2014 passionn\u00e9es, r\u00e9actives et \u00e0 votre \u00e9coute. \ud83d\udca1 Besoin d\u2019assistance ? Pour une demande de d\u00e9pannage ou un probl\u00e8me technique, rendez-vous directement sur notre page support. \ud83e\udd1d Parlons de vos projets IT Chez [&hellip;]<\/p>\n","protected":false},"author":1,"featured_media":0,"parent":0,"menu_order":0,"comment_status":"closed","ping_status":"closed","template":"","meta":{"_acf_changed":false,"content-type":"","inline_featured_image":false,"footnotes":""},"class_list":["post-101","page","type-page","status-publish","hentry"],"acf":[],"yoast_head":"<!-- This site is optimized with the Yoast SEO plugin v27.1.1 - https:\/\/yoast.com\/product\/yoast-seo-wordpress\/ -->\n<title>Parlons de votre projet IT ou digital<\/title>\n<meta name=\"description\" content=\"Un appel d\u2019offres, une question pr\u00e9cise ou simplement pour explorer vos options, notre \u00e9quipe est l\u00e0 pour vous \u00e9couter et vous conseiller.\" \/>\n<meta name=\"robots\" content=\"index, follow, max-snippet:-1, max-image-preview:large, max-video-preview:-1\" \/>\n<link rel=\"canonical\" href=\"https:\/\/webidentity.ch\/fr\/contact\/\" \/>\n<meta property=\"og:locale\" content=\"fr_FR\" \/>\n<meta property=\"og:type\" content=\"article\" \/>\n<meta property=\"og:title\" content=\"Parlons de votre projet IT ou digital\" \/>\n<meta property=\"og:description\" content=\"Un appel d\u2019offres, une question pr\u00e9cise ou simplement pour explorer vos options, notre \u00e9quipe est l\u00e0 pour vous \u00e9couter et vous conseiller.\" \/>\n<meta property=\"og:url\" content=\"https:\/\/webidentity.ch\/fr\/contact\/\" \/>\n<meta property=\"og:site_name\" content=\"Webidentity\" \/>\n<meta property=\"article:publisher\" content=\"https:\/\/www.facebook.com\/webidentity.ch\" \/>\n<meta property=\"article:modified_time\" content=\"2026-01-06T12:49:46+00:00\" \/>\n<meta name=\"twitter:card\" content=\"summary_large_image\" \/>\n<meta name=\"twitter:site\" content=\"@webidentity_ch\" \/>\n<meta name=\"twitter:label1\" content=\"Dur\u00e9e de lecture estim\u00e9e\" \/>\n\t<meta name=\"twitter:data1\" content=\"1 minute\" \/>\n<script type=\"application\/ld+json\" class=\"yoast-schema-graph\">{\"@context\":\"https:\/\/schema.org\",\"@graph\":[{\"@type\":\"WebPage\",\"@id\":\"https:\/\/webidentity.ch\/fr\/contact\/\",\"url\":\"https:\/\/webidentity.ch\/fr\/contact\/\",\"name\":\"Parlons de votre projet IT ou digital\",\"isPartOf\":{\"@id\":\"https:\/\/webidentity.ch\/fr\/#website\"},\"datePublished\":\"2025-07-10T17:33:47+00:00\",\"dateModified\":\"2026-01-06T12:49:46+00:00\",\"description\":\"Un appel d\u2019offres, une question pr\u00e9cise ou simplement pour explorer vos options, notre \u00e9quipe est l\u00e0 pour vous \u00e9couter et vous conseiller.\",\"breadcrumb\":{\"@id\":\"https:\/\/webidentity.ch\/fr\/contact\/#breadcrumb\"},\"inLanguage\":\"fr-FR\",\"potentialAction\":[{\"@type\":\"ReadAction\",\"target\":[\"https:\/\/webidentity.ch\/fr\/contact\/\"]}]},{\"@type\":\"BreadcrumbList\",\"@id\":\"https:\/\/webidentity.ch\/fr\/contact\/#breadcrumb\",\"itemListElement\":[{\"@type\":\"ListItem\",\"position\":1,\"name\":\"Accueil\",\"item\":\"https:\/\/webidentity.ch\/fr\/\"},{\"@type\":\"ListItem\",\"position\":2,\"name\":\"Contact\"}]},{\"@type\":\"WebSite\",\"@id\":\"https:\/\/webidentity.ch\/fr\/#website\",\"url\":\"https:\/\/webidentity.ch\/fr\/\",\"name\":\"Webidentity\",\"description\":\"IT made simple\",\"publisher\":{\"@id\":\"https:\/\/webidentity.ch\/fr\/#organization\"},\"potentialAction\":[{\"@type\":\"SearchAction\",\"target\":{\"@type\":\"EntryPoint\",\"urlTemplate\":\"https:\/\/webidentity.ch\/fr\/?s={search_term_string}\"},\"query-input\":{\"@type\":\"PropertyValueSpecification\",\"valueRequired\":true,\"valueName\":\"search_term_string\"}}],\"inLanguage\":\"fr-FR\"},{\"@type\":\"Organization\",\"@id\":\"https:\/\/webidentity.ch\/fr\/#organization\",\"name\":\"Webidentity\",\"url\":\"https:\/\/webidentity.ch\/fr\/\",\"logo\":{\"@type\":\"ImageObject\",\"inLanguage\":\"fr-FR\",\"@id\":\"https:\/\/webidentity.ch\/fr\/#\/schema\/logo\/image\/\",\"url\":\"https:\/\/webidentity.ch\/wp-content\/uploads\/2025\/07\/logo-webidentity_new-slogan-blue_2.svg\",\"contentUrl\":\"https:\/\/webidentity.ch\/wp-content\/uploads\/2025\/07\/logo-webidentity_new-slogan-blue_2.svg\",\"width\":\"1024\",\"height\":\"1024\",\"caption\":\"Webidentity\"},\"image\":{\"@id\":\"https:\/\/webidentity.ch\/fr\/#\/schema\/logo\/image\/\"},\"sameAs\":[\"https:\/\/www.facebook.com\/webidentity.ch\",\"https:\/\/x.com\/webidentity_ch\",\"https:\/\/www.linkedin.com\/company\/webidentity-sarl\"]}]}<\/script>\n<!-- \/ Yoast SEO plugin. -->","yoast_head_json":{"title":"Parlons de votre projet IT ou digital","description":"Un appel d\u2019offres, une question pr\u00e9cise ou simplement pour explorer vos options, notre \u00e9quipe est l\u00e0 pour vous \u00e9couter et vous conseiller.","robots":{"index":"index","follow":"follow","max-snippet":"max-snippet:-1","max-image-preview":"max-image-preview:large","max-video-preview":"max-video-preview:-1"},"canonical":"https:\/\/webidentity.ch\/fr\/contact\/","og_locale":"fr_FR","og_type":"article","og_title":"Parlons de votre projet IT ou digital","og_description":"Un appel d\u2019offres, une question pr\u00e9cise ou simplement pour explorer vos options, notre \u00e9quipe est l\u00e0 pour vous \u00e9couter et vous conseiller.","og_url":"https:\/\/webidentity.ch\/fr\/contact\/","og_site_name":"Webidentity","article_publisher":"https:\/\/www.facebook.com\/webidentity.ch","article_modified_time":"2026-01-06T12:49:46+00:00","twitter_card":"summary_large_image","twitter_site":"@webidentity_ch","twitter_misc":{"Dur\u00e9e de lecture estim\u00e9e":"1 minute"},"schema":{"@context":"https:\/\/schema.org","@graph":[{"@type":"WebPage","@id":"https:\/\/webidentity.ch\/fr\/contact\/","url":"https:\/\/webidentity.ch\/fr\/contact\/","name":"Parlons de votre projet IT ou digital","isPartOf":{"@id":"https:\/\/webidentity.ch\/fr\/#website"},"datePublished":"2025-07-10T17:33:47+00:00","dateModified":"2026-01-06T12:49:46+00:00","description":"Un appel d\u2019offres, une question pr\u00e9cise ou simplement pour explorer vos options, notre \u00e9quipe est l\u00e0 pour vous \u00e9couter et vous conseiller.","breadcrumb":{"@id":"https:\/\/webidentity.ch\/fr\/contact\/#breadcrumb"},"inLanguage":"fr-FR","potentialAction":[{"@type":"ReadAction","target":["https:\/\/webidentity.ch\/fr\/contact\/"]}]},{"@type":"BreadcrumbList","@id":"https:\/\/webidentity.ch\/fr\/contact\/#breadcrumb","itemListElement":[{"@type":"ListItem","position":1,"name":"Accueil","item":"https:\/\/webidentity.ch\/fr\/"},{"@type":"ListItem","position":2,"name":"Contact"}]},{"@type":"WebSite","@id":"https:\/\/webidentity.ch\/fr\/#website","url":"https:\/\/webidentity.ch\/fr\/","name":"Webidentity","description":"IT made simple","publisher":{"@id":"https:\/\/webidentity.ch\/fr\/#organization"},"potentialAction":[{"@type":"SearchAction","target":{"@type":"EntryPoint","urlTemplate":"https:\/\/webidentity.ch\/fr\/?s={search_term_string}"},"query-input":{"@type":"PropertyValueSpecification","valueRequired":true,"valueName":"search_term_string"}}],"inLanguage":"fr-FR"},{"@type":"Organization","@id":"https:\/\/webidentity.ch\/fr\/#organization","name":"Webidentity","url":"https:\/\/webidentity.ch\/fr\/","logo":{"@type":"ImageObject","inLanguage":"fr-FR","@id":"https:\/\/webidentity.ch\/fr\/#\/schema\/logo\/image\/","url":"https:\/\/webidentity.ch\/wp-content\/uploads\/2025\/07\/logo-webidentity_new-slogan-blue_2.svg","contentUrl":"https:\/\/webidentity.ch\/wp-content\/uploads\/2025\/07\/logo-webidentity_new-slogan-blue_2.svg","width":"1024","height":"1024","caption":"Webidentity"},"image":{"@id":"https:\/\/webidentity.ch\/fr\/#\/schema\/logo\/image\/"},"sameAs":["https:\/\/www.facebook.com\/webidentity.ch","https:\/\/x.com\/webidentity_ch","https:\/\/www.linkedin.com\/company\/webidentity-sarl"]}]}},"_links":{"self":[{"href":"https:\/\/webidentity.ch\/fr\/wp-json\/wp\/v2\/pages\/101","targetHints":{"allow":["GET"]}}],"collection":[{"href":"https:\/\/webidentity.ch\/fr\/wp-json\/wp\/v2\/pages"}],"about":[{"href":"https:\/\/webidentity.ch\/fr\/wp-json\/wp\/v2\/types\/page"}],"author":[{"embeddable":true,"href":"https:\/\/webidentity.ch\/fr\/wp-json\/wp\/v2\/users\/1"}],"replies":[{"embeddable":true,"href":"https:\/\/webidentity.ch\/fr\/wp-json\/wp\/v2\/comments?post=101"}],"version-history":[{"count":21,"href":"https:\/\/webidentity.ch\/fr\/wp-json\/wp\/v2\/pages\/101\/revisions"}],"predecessor-version":[{"id":1632,"href":"https:\/\/webidentity.ch\/fr\/wp-json\/wp\/v2\/pages\/101\/revisions\/1632"}],"wp:attachment":[{"href":"https:\/\/webidentity.ch\/fr\/wp-json\/wp\/v2\/media?parent=101"}],"curies":[{"name":"wp","href":"https:\/\/api.w.org\/{rel}","templated":true}]}}