{"id":279,"date":"2025-09-22T18:41:29","date_gmt":"2025-09-22T16:41:29","guid":{"rendered":"https:\/\/webidentity.ch\/fr\/?page_id=279"},"modified":"2026-01-06T13:52:03","modified_gmt":"2026-01-06T12:52:03","slug":"legal-notice","status":"publish","type":"page","link":"https:\/\/webidentity.ch\/fr\/legal-notice\/","title":{"rendered":"Legal Notice"},"content":{"rendered":"<h1>\n<p class=\"color-text-primary padding-bottom-40 text-left IkTypography-module--h1--0cda7\">Mentions l\u00e9gales<\/p>\n<\/h1>\n<h2>\n<p class=\"padding-bottom-32 color-text-primary fw-500 IkTypography-module--h4--7067e\">Adresse postale<\/p>\n<\/h2>\n<div>\n<p><strong>Webidentity S\u00e0rl<\/strong><br \/>Route des Belles Truches 6<br \/>CH-1897 Bouveret<\/p>\n<\/div>\n<h2>\n<p class=\"padding-bottom-32 color-text-primary fw-500 IkTypography-module--h4--7067e\">Mentions l\u00e9gales<\/p>\n<\/h2>\n<h3>\n<p><span>Si\u00e8ge de la soci\u00e9t\u00e9<\/span><\/p>\n<\/h3>\n<div>\n<div><span>Port-Valais, Suisse<\/span><\/div>\n<\/div>\n<h3>\n<div>\n<p>Registre du commerce du Bas-Valais<\/p>\n<\/div>\n<\/h3>\n<div>\n<div><span>CH-621-4010739-3<\/span><\/div>\n<\/div>\n<h3>\n<p><span>Num\u00e9ro IDE\/TVA<\/span><\/p>\n<\/h3>\n<div>\n<div>CHE-167.121.643<\/div>\n<\/div>\n<h3>\n<div>\n<p>Contact<\/p>\n<\/div>\n<\/h3>\n<ul>\n<li>\n<p><a href=\"tel:+41273207600\">027 320 76 00<\/a><\/p>\n<\/li>\n<li>\n<p><a href=\"mailto:info@webidentity.ch\">info@webidentity.ch<\/a><\/p>\n<\/li>\n<\/ul>\n<p><!--more--><br \/>\n<!-- {\"type\":\"layout\",\"children\":[{\"type\":\"section\",\"props\":{\"animation\":\"slide-bottom-medium\",\"animation_delay\":\"100\",\"header_transparent\":false,\"header_transparent_noplaceholder\":false,\"header_transparent_text_color\":\"light\",\"image_position\":\"center-center\",\"overlap\":false,\"padding\":\"large\",\"padding_remove_bottom\":false,\"padding_remove_top\":false,\"preserve_color\":false,\"style\":\"secondary\",\"title_breakpoint\":\"xl\",\"title_position\":\"top-left\",\"title_rotation\":\"left\",\"vertical_align\":\"\",\"width\":\"default\"},\"children\":[{\"type\":\"row\",\"children\":[{\"type\":\"column\",\"props\":{\"image_position\":\"center-center\",\"position_sticky_breakpoint\":\"m\"},\"children\":[{\"type\":\"headline\",\"props\":{\"content\":\"\n\n<p class=\\\"color-text-primary padding-bottom-40 text-left IkTypography-module--h1--0cda7\\\">Mentions l\\u00e9gales<\\\/p>\",\"margin\":\"remove-vertical\",\"text_align\":\"center\",\"title_element\":\"h1\",\"title_style\":\"h1\"}}]}],\"props\":{\"margin\":\"large\"}}],\"name\":\"Hero\",\"modified\":\"2021-01-13T15:56:34.607Z\"},{\"type\":\"section\",\"props\":{\"image_position\":\"center-center\",\"style\":\"default\",\"title_breakpoint\":\"xl\",\"title_position\":\"top-left\",\"title_rotation\":\"left\",\"vertical_align\":\"middle\",\"width\":\"default\"},\"children\":[{\"type\":\"row\",\"props\":{\"divider\":false,\"layout\":\"2-5,3-5\"},\"children\":[{\"type\":\"column\",\"props\":{\"image_position\":\"center-center\",\"position_sticky_breakpoint\":\"m\",\"width_medium\":\"2-5\"},\"children\":[{\"type\":\"headline\",\"props\":{\"content\":\"\n\n<p class=\\\"padding-bottom-32 color-text-primary fw-500 IkTypography-module--h4--7067e\\\">Adresse postale<\\\/p>\",\"title_element\":\"h2\"}},{\"type\":\"text\",\"props\":{\"column_breakpoint\":\"m\",\"content\":\"\n\n<p><strong>Webidentity S\\u00e0rl<\\\/strong><br \\\/>Route des Belles Truches 6<br \\\/>CH-1897 Bouveret<\\\/p>\",\"margin\":\"default\"}}]},{\"type\":\"column\",\"props\":{\"image_position\":\"center-center\",\"position_sticky_breakpoint\":\"m\",\"width_medium\":\"3-5\"},\"children\":[{\"type\":\"headline\",\"props\":{\"content\":\"\n\n<p class=\\\"padding-bottom-32 color-text-primary fw-500 IkTypography-module--h4--7067e\\\">Mentions l\\u00e9gales<\\\/p>\",\"title_element\":\"h2\"}},{\"type\":\"headline\",\"props\":{\"content\":\"\n\n<p><span>Si\\u00e8ge de la soci\\u00e9t\\u00e9<\\\/span><\\\/p>\",\"title_element\":\"h3\"}},{\"type\":\"list\",\"props\":{\"column_breakpoint\":\"m\",\"image_align\":\"left\",\"image_svg_color\":\"emphasis\",\"image_vertical_align\":true,\"list_element\":\"ul\",\"list_horizontal_separator\":\", \",\"list_type\":\"vertical\",\"show_image\":true,\"show_link\":true},\"children\":[{\"type\":\"list_item\",\"props\":{\"content\":\"<span>Port-Valais, Suisse<\\\/span>\"}}]},{\"type\":\"headline\",\"props\":{\"content\":\"\n\n<div>\\n\n\n<p>Registre du commerce du Bas-Valais<\\\/p>\\n<\\\/div>\",\"title_element\":\"h3\"}},{\"type\":\"list\",\"props\":{\"column_breakpoint\":\"m\",\"image_align\":\"left\",\"image_svg_color\":\"emphasis\",\"image_vertical_align\":true,\"list_element\":\"ul\",\"list_horizontal_separator\":\", \",\"list_type\":\"vertical\",\"show_image\":true,\"show_link\":true},\"children\":[{\"type\":\"list_item\",\"props\":{\"content\":\"<span>CH-621-4010739-3<\\\/span>\"}}]},{\"type\":\"headline\",\"props\":{\"content\":\"\n\n<p><span>Num\\u00e9ro IDE\\\/TVA<\\\/span><\\\/p>\",\"title_element\":\"h3\"}},{\"type\":\"list\",\"props\":{\"column_breakpoint\":\"m\",\"image_align\":\"left\",\"image_svg_color\":\"emphasis\",\"image_vertical_align\":true,\"list_element\":\"ul\",\"list_horizontal_separator\":\", \",\"list_type\":\"vertical\",\"show_image\":true,\"show_link\":true},\"children\":[{\"type\":\"list_item\",\"props\":{\"content\":\"CHE-167.121.643\"}}]},{\"type\":\"headline\",\"props\":{\"content\":\"\n\n<div>\\n\n\n<p>Contact<\\\/p>\\n<\\\/div>\",\"title_element\":\"h3\"}},{\"type\":\"list\",\"props\":{\"column_breakpoint\":\"m\",\"image_align\":\"left\",\"image_svg_color\":\"emphasis\",\"image_vertical_align\":true,\"list_element\":\"ul\",\"list_horizontal_separator\":\", \",\"list_type\":\"vertical\",\"show_image\":true,\"show_link\":true},\"children\":[{\"type\":\"list_item\",\"props\":{\"content\":\"027 320 76 00\",\"icon\":\"receiver\",\"link\":\"tel:+41273207600\"}},{\"type\":\"list_item\",\"props\":{\"content\":\"info@webidentity.ch\",\"icon\":\"mail\",\"link\":\"mailto:info@webidentity.ch\"}}]}]}]}]}],\"version\":\"4.5.33\"} --><\/p>\n","protected":false},"excerpt":{"rendered":"<p>Mentions l\u00e9gales Adresse postale Webidentity S\u00e0rlRoute des Belles Truches 6CH-1897 Bouveret Mentions l\u00e9gales Si\u00e8ge de la soci\u00e9t\u00e9 Port-Valais, Suisse Registre du commerce du Bas-Valais CH-621-4010739-3 Num\u00e9ro IDE\/TVA CHE-167.121.643 Contact 027 320 76 00 info@webidentity.ch<\/p>\n","protected":false},"author":1,"featured_media":0,"parent":0,"menu_order":0,"comment_status":"closed","ping_status":"closed","template":"","meta":{"_acf_changed":false,"content-type":"","inline_featured_image":false,"footnotes":""},"class_list":["post-279","page","type-page","status-publish","hentry"],"acf":[],"yoast_head":"<!-- This site is optimized with the Yoast SEO plugin v27.1.1 - https:\/\/yoast.com\/product\/yoast-seo-wordpress\/ -->\n<title>Mentions l\u00e9gales - Webidentity<\/title>\n<meta name=\"robots\" content=\"index, follow, max-snippet:-1, max-image-preview:large, max-video-preview:-1\" \/>\n<link rel=\"canonical\" href=\"https:\/\/webidentity.ch\/fr\/legal-notice\/\" \/>\n<meta property=\"og:locale\" content=\"fr_FR\" \/>\n<meta property=\"og:type\" content=\"article\" \/>\n<meta property=\"og:title\" content=\"Mentions l\u00e9gales - Webidentity\" \/>\n<meta property=\"og:description\" content=\"Mentions l\u00e9gales Adresse postale Webidentity S\u00e0rlRoute des Belles Truches 6CH-1897 Bouveret Mentions l\u00e9gales Si\u00e8ge de la soci\u00e9t\u00e9 Port-Valais, Suisse Registre du commerce du Bas-Valais CH-621-4010739-3 Num\u00e9ro IDE\/TVA CHE-167.121.643 Contact 027 320 76 00 info@webidentity.ch\" \/>\n<meta property=\"og:url\" content=\"https:\/\/webidentity.ch\/fr\/legal-notice\/\" \/>\n<meta property=\"og:site_name\" content=\"Webidentity\" \/>\n<meta property=\"article:publisher\" content=\"https:\/\/www.facebook.com\/webidentity.ch\" \/>\n<meta property=\"article:modified_time\" content=\"2026-01-06T12:52:03+00:00\" \/>\n<meta name=\"twitter:card\" content=\"summary_large_image\" \/>\n<meta name=\"twitter:site\" content=\"@webidentity_ch\" \/>\n<meta name=\"twitter:label1\" content=\"Dur\u00e9e de lecture estim\u00e9e\" \/>\n\t<meta name=\"twitter:data1\" content=\"1 minute\" \/>\n<script type=\"application\/ld+json\" class=\"yoast-schema-graph\">{\"@context\":\"https:\/\/schema.org\",\"@graph\":[{\"@type\":\"WebPage\",\"@id\":\"https:\/\/webidentity.ch\/fr\/legal-notice\/\",\"url\":\"https:\/\/webidentity.ch\/fr\/legal-notice\/\",\"name\":\"Mentions l\u00e9gales - Webidentity\",\"isPartOf\":{\"@id\":\"https:\/\/webidentity.ch\/fr\/#website\"},\"datePublished\":\"2025-09-22T16:41:29+00:00\",\"dateModified\":\"2026-01-06T12:52:03+00:00\",\"breadcrumb\":{\"@id\":\"https:\/\/webidentity.ch\/fr\/legal-notice\/#breadcrumb\"},\"inLanguage\":\"fr-FR\",\"potentialAction\":[{\"@type\":\"ReadAction\",\"target\":[\"https:\/\/webidentity.ch\/fr\/legal-notice\/\"]}]},{\"@type\":\"BreadcrumbList\",\"@id\":\"https:\/\/webidentity.ch\/fr\/legal-notice\/#breadcrumb\",\"itemListElement\":[{\"@type\":\"ListItem\",\"position\":1,\"name\":\"Accueil\",\"item\":\"https:\/\/webidentity.ch\/fr\/\"},{\"@type\":\"ListItem\",\"position\":2,\"name\":\"Legal Notice\"}]},{\"@type\":\"WebSite\",\"@id\":\"https:\/\/webidentity.ch\/fr\/#website\",\"url\":\"https:\/\/webidentity.ch\/fr\/\",\"name\":\"Webidentity\",\"description\":\"IT made simple\",\"publisher\":{\"@id\":\"https:\/\/webidentity.ch\/fr\/#organization\"},\"potentialAction\":[{\"@type\":\"SearchAction\",\"target\":{\"@type\":\"EntryPoint\",\"urlTemplate\":\"https:\/\/webidentity.ch\/fr\/?s={search_term_string}\"},\"query-input\":{\"@type\":\"PropertyValueSpecification\",\"valueRequired\":true,\"valueName\":\"search_term_string\"}}],\"inLanguage\":\"fr-FR\"},{\"@type\":\"Organization\",\"@id\":\"https:\/\/webidentity.ch\/fr\/#organization\",\"name\":\"Webidentity\",\"url\":\"https:\/\/webidentity.ch\/fr\/\",\"logo\":{\"@type\":\"ImageObject\",\"inLanguage\":\"fr-FR\",\"@id\":\"https:\/\/webidentity.ch\/fr\/#\/schema\/logo\/image\/\",\"url\":\"https:\/\/webidentity.ch\/wp-content\/uploads\/2025\/07\/logo-webidentity_new-slogan-blue_2.svg\",\"contentUrl\":\"https:\/\/webidentity.ch\/wp-content\/uploads\/2025\/07\/logo-webidentity_new-slogan-blue_2.svg\",\"width\":\"1024\",\"height\":\"1024\",\"caption\":\"Webidentity\"},\"image\":{\"@id\":\"https:\/\/webidentity.ch\/fr\/#\/schema\/logo\/image\/\"},\"sameAs\":[\"https:\/\/www.facebook.com\/webidentity.ch\",\"https:\/\/x.com\/webidentity_ch\",\"https:\/\/www.linkedin.com\/company\/webidentity-sarl\"]}]}<\/script>\n<!-- \/ Yoast SEO plugin. -->","yoast_head_json":{"title":"Mentions l\u00e9gales - Webidentity","robots":{"index":"index","follow":"follow","max-snippet":"max-snippet:-1","max-image-preview":"max-image-preview:large","max-video-preview":"max-video-preview:-1"},"canonical":"https:\/\/webidentity.ch\/fr\/legal-notice\/","og_locale":"fr_FR","og_type":"article","og_title":"Mentions l\u00e9gales - Webidentity","og_description":"Mentions l\u00e9gales Adresse postale Webidentity S\u00e0rlRoute des Belles Truches 6CH-1897 Bouveret Mentions l\u00e9gales Si\u00e8ge de la soci\u00e9t\u00e9 Port-Valais, Suisse Registre du commerce du Bas-Valais CH-621-4010739-3 Num\u00e9ro IDE\/TVA CHE-167.121.643 Contact 027 320 76 00 info@webidentity.ch","og_url":"https:\/\/webidentity.ch\/fr\/legal-notice\/","og_site_name":"Webidentity","article_publisher":"https:\/\/www.facebook.com\/webidentity.ch","article_modified_time":"2026-01-06T12:52:03+00:00","twitter_card":"summary_large_image","twitter_site":"@webidentity_ch","twitter_misc":{"Dur\u00e9e de lecture estim\u00e9e":"1 minute"},"schema":{"@context":"https:\/\/schema.org","@graph":[{"@type":"WebPage","@id":"https:\/\/webidentity.ch\/fr\/legal-notice\/","url":"https:\/\/webidentity.ch\/fr\/legal-notice\/","name":"Mentions l\u00e9gales - Webidentity","isPartOf":{"@id":"https:\/\/webidentity.ch\/fr\/#website"},"datePublished":"2025-09-22T16:41:29+00:00","dateModified":"2026-01-06T12:52:03+00:00","breadcrumb":{"@id":"https:\/\/webidentity.ch\/fr\/legal-notice\/#breadcrumb"},"inLanguage":"fr-FR","potentialAction":[{"@type":"ReadAction","target":["https:\/\/webidentity.ch\/fr\/legal-notice\/"]}]},{"@type":"BreadcrumbList","@id":"https:\/\/webidentity.ch\/fr\/legal-notice\/#breadcrumb","itemListElement":[{"@type":"ListItem","position":1,"name":"Accueil","item":"https:\/\/webidentity.ch\/fr\/"},{"@type":"ListItem","position":2,"name":"Legal Notice"}]},{"@type":"WebSite","@id":"https:\/\/webidentity.ch\/fr\/#website","url":"https:\/\/webidentity.ch\/fr\/","name":"Webidentity","description":"IT made simple","publisher":{"@id":"https:\/\/webidentity.ch\/fr\/#organization"},"potentialAction":[{"@type":"SearchAction","target":{"@type":"EntryPoint","urlTemplate":"https:\/\/webidentity.ch\/fr\/?s={search_term_string}"},"query-input":{"@type":"PropertyValueSpecification","valueRequired":true,"valueName":"search_term_string"}}],"inLanguage":"fr-FR"},{"@type":"Organization","@id":"https:\/\/webidentity.ch\/fr\/#organization","name":"Webidentity","url":"https:\/\/webidentity.ch\/fr\/","logo":{"@type":"ImageObject","inLanguage":"fr-FR","@id":"https:\/\/webidentity.ch\/fr\/#\/schema\/logo\/image\/","url":"https:\/\/webidentity.ch\/wp-content\/uploads\/2025\/07\/logo-webidentity_new-slogan-blue_2.svg","contentUrl":"https:\/\/webidentity.ch\/wp-content\/uploads\/2025\/07\/logo-webidentity_new-slogan-blue_2.svg","width":"1024","height":"1024","caption":"Webidentity"},"image":{"@id":"https:\/\/webidentity.ch\/fr\/#\/schema\/logo\/image\/"},"sameAs":["https:\/\/www.facebook.com\/webidentity.ch","https:\/\/x.com\/webidentity_ch","https:\/\/www.linkedin.com\/company\/webidentity-sarl"]}]}},"_links":{"self":[{"href":"https:\/\/webidentity.ch\/fr\/wp-json\/wp\/v2\/pages\/279","targetHints":{"allow":["GET"]}}],"collection":[{"href":"https:\/\/webidentity.ch\/fr\/wp-json\/wp\/v2\/pages"}],"about":[{"href":"https:\/\/webidentity.ch\/fr\/wp-json\/wp\/v2\/types\/page"}],"author":[{"embeddable":true,"href":"https:\/\/webidentity.ch\/fr\/wp-json\/wp\/v2\/users\/1"}],"replies":[{"embeddable":true,"href":"https:\/\/webidentity.ch\/fr\/wp-json\/wp\/v2\/comments?post=279"}],"version-history":[{"count":26,"href":"https:\/\/webidentity.ch\/fr\/wp-json\/wp\/v2\/pages\/279\/revisions"}],"predecessor-version":[{"id":1635,"href":"https:\/\/webidentity.ch\/fr\/wp-json\/wp\/v2\/pages\/279\/revisions\/1635"}],"wp:attachment":[{"href":"https:\/\/webidentity.ch\/fr\/wp-json\/wp\/v2\/media?parent=279"}],"curies":[{"name":"wp","href":"https:\/\/api.w.org\/{rel}","templated":true}]}}