{"id":781,"date":"2025-09-27T16:15:48","date_gmt":"2025-09-27T14:15:48","guid":{"rendered":"https:\/\/webidentity.ch\/fr\/?page_id=781"},"modified":"2026-01-06T13:57:16","modified_gmt":"2026-01-06T12:57:16","slug":"wall-of-love","status":"publish","type":"page","link":"https:\/\/webidentity.ch\/fr\/wall-of-love\/","title":{"rendered":"Wall of love"},"content":{"rendered":"<h2>Ils parlent de nous<\/h2>\n<div>D\u00e9couvrez ce que disent nos clients et partenaires au sujet de leur collaboration avec Webidentity.<\/div>\n<ul>\n<li>\n<div>2013<\/div>\n<p>Fondation de Webidentity<\/p>\n<\/li>\n<li>\n<div>60+<\/div>\n<p>PME accompagn\u00e9es en Suisse<\/p>\n<\/li>\n<li>\n<div>280+<\/div>\n<p>Projets IT &#038; digitaux r\u00e9ussis<\/p>\n<\/li>\n<\/ul>\n<p><img decoding=\"async\" src=\"\/wp-content\/uploads\/background-square-03.png\" alt=\"\"><br \/>\n<img decoding=\"async\" src=\"\/wp-content\/uploads\/background-square-01.png\" alt=\"\"><\/p>\n<ul>\n<li>\n<p>        <img decoding=\"async\" src=\"\/wp-content\/uploads\/2025\/09\/Capture-decran-2025-09-27-a-17.11.18.png\" alt=\"\"><\/p>\n<h3>Andr\u00e9as<\/h3>\n<p>Sanchez &#038; Zwahlen<\/p>\n<\/li>\n<li>\n<p>        <img decoding=\"async\" src=\"\/wp-content\/uploads\/2025\/09\/Capture-decran-2025-09-27-a-17.41.26.png\" alt=\"\"><\/p>\n<h3>Adrien<\/h3>\n<p>Bodysport<\/p>\n<\/li>\n<li>\n<p>        <img decoding=\"async\" src=\"\/wp-content\/uploads\/2025\/09\/Capture-decran-2025-09-27-a-16.58.52.png\" alt=\"\"><\/p>\n<h3>R\u00e9gine<\/h3>\n<p>FPPIC<\/p>\n<\/li>\n<li>\n<p>        <img decoding=\"async\" src=\"\/wp-content\/uploads\/2025\/09\/Capture-decran-2025-09-28-a-11.12.32.png\" alt=\"\"><\/p>\n<h3>Rapha\u00ebl<\/h3>\n<p>Sanchez &#038; Zwahlen<\/p>\n<\/li>\n<li>\n<p>        <img decoding=\"async\" src=\"\/wp-content\/uploads\/2025\/09\/Capture-decran-2025-09-27-a-17.35.55.png\" alt=\"\"><\/p>\n<h3>Virginie<\/h3>\n<p>MCCC<\/p>\n<\/li>\n<li>\n<p>        <img decoding=\"async\" src=\"\/wp-content\/uploads\/2025\/09\/Capture-decran-2025-09-28-a-12.02.03.png\" alt=\"\"><\/p>\n<h3>Camille<\/h3>\n<p>Best Suisse<\/p>\n<\/li>\n<\/ul>\n<h2>Pr\u00eat \u00e0 passer \u00e0 l\u2019action ?<\/h2>\n<div>Que ce soit pour un projet IT, un d\u00e9veloppement web ou un conseil strat\u00e9gique, notre \u00e9quipe est l\u00e0 pour vous \u00e9couter et vous accompagner.<\/div>\n<p><p>\n        <a href=\"\/fr\/contact\/\">\ud83d\udc49 Discutons de vos besoins<\/a>\n    <\/p>\n<\/p>\n<ul>\n<li>\n<div>027 320 76 00<\/div>\n<p><a href=\"tel:+41273207600\"><\/a><\/p>\n<\/li>\n<li>\n<div>WhatsApp<\/div>\n<p><a href=\"https:\/\/wa.me\/41215150204\"><\/a><\/p>\n<\/li>\n<li>\n<div>info@webidentity.ch<\/div>\n<p><a href=\"mailto:info@webidentity.ch\"><\/a><\/p>\n<\/li>\n<\/ul>\n<p><!--more--><br \/>\n<!-- {\"type\":\"layout\",\"children\":[{\"type\":\"section\",\"props\":{\"header_transparent\":true,\"image_position\":\"center-center\",\"padding\":\"large\",\"padding_remove_bottom\":true,\"style\":\"default\",\"title_breakpoint\":\"xl\",\"title_position\":\"top-left\",\"title_rotation\":\"left\",\"vertical_align\":\"\",\"width\":\"small\"},\"children\":[{\"type\":\"row\",\"children\":[{\"type\":\"column\",\"props\":{\"image_position\":\"center-center\",\"position_sticky_breakpoint\":\"m\"},\"children\":[{\"type\":\"headline\",\"props\":{\"content\":\"Ils parlent de nous\",\"position\":\"relative\",\"position_z_index\":\"1\",\"text_align\":\"center\",\"title_color\":\"background\",\"title_element\":\"h2\",\"title_style\":\"h1\"}},{\"type\":\"text\",\"props\":{\"animation\":\"none\",\"block_align\":\"center\",\"column_breakpoint\":\"m\",\"content\":\"D\\u00e9couvrez ce que disent nos clients et partenaires au sujet de leur collaboration avec Webidentity.\",\"margin\":\"default\",\"maxwidth\":\"xlarge\",\"text_align\":\"center\",\"text_style\":\"lead\"}},{\"type\":\"grid\",\"props\":{\"content_column_breakpoint\":\"m\",\"filter_align\":\"left\",\"filter_all\":true,\"filter_grid_breakpoint\":\"m\",\"filter_grid_width\":\"auto\",\"filter_position\":\"top\",\"filter_style\":\"tab\",\"grid_column_align\":true,\"grid_default\":\"1\",\"grid_medium\":\"3\",\"grid_row_align\":false,\"grid_small\":\"auto\",\"icon_width\":80,\"image_align\":\"top\",\"image_grid_breakpoint\":\"m\",\"image_grid_width\":\"1-2\",\"image_svg_color\":\"emphasis\",\"item_animation\":true,\"lightbox_bg_close\":true,\"link_style\":\"default\",\"link_text\":\"Read more\",\"margin\":\"large\",\"margin_remove_bottom\":true,\"meta_align\":\"below-title\",\"meta_color\":\"muted\",\"meta_element\":\"div\",\"meta_margin\":\"small\",\"meta_style\":\"h5\",\"panel_padding\":\"default\",\"panel_style\":\"card-default\",\"parallax_easing\":\"1\",\"position\":\"relative\",\"position_z_index\":\"1\",\"show_content\":true,\"show_hover_image\":true,\"show_hover_video\":true,\"show_image\":true,\"show_link\":true,\"show_meta\":true,\"show_title\":true,\"show_video\":true,\"text_align\":\"center\",\"title_align\":\"top\",\"title_element\":\"div\",\"title_grid_breakpoint\":\"m\",\"title_grid_width\":\"1-2\",\"title_hover_style\":\"reset\",\"title_style\":\"h1\"},\"children\":[{\"type\":\"grid_item\",\"props\":{\"content\":\"\",\"meta\":\"Fondation de Webidentity\",\"title\":\"2013\"}},{\"type\":\"grid_item\",\"props\":{\"content\":\"\",\"meta\":\"PME accompagn\\u00e9es en Suisse\",\"title\":\"60+\"}},{\"type\":\"grid_item\",\"props\":{\"content\":\"\",\"meta\":\"Projets IT & digitaux r\\u00e9ussis\",\"title\":\"280+\"}}]},{\"type\":\"image\",\"props\":{\"image\":\"wp-content\\\/uploads\\\/background-square-03.png\",\"image_loading\":true,\"image_svg_color\":\"emphasis\",\"image_width\":\"600\",\"margin\":\"default\",\"position\":\"absolute\",\"position_bottom\":\"250\",\"position_right\":\"-20vw\",\"position_z_index\":\"0\",\"text_align\":\"right\",\"visibility\":\"xl\"}},{\"type\":\"image\",\"props\":{\"image\":\"wp-content\\\/uploads\\\/background-square-01.png\",\"image_loading\":true,\"image_svg_color\":\"emphasis\",\"image_width\":\"1100\",\"margin\":\"default\",\"position\":\"absolute\",\"position_bottom\":\"-5vw\",\"position_left\":\"-50vw\",\"position_z_index\":\"0\",\"visibility\":\"xl\"}}]}]}],\"name\":\"Stats\"},{\"type\":\"section\",\"props\":{\"animation\":\"fade\",\"animation_delay\":\"200\",\"image_position\":\"center-center\",\"padding\":\"large\",\"padding_remove_bottom\":true,\"style\":\"default\",\"title_breakpoint\":\"xl\",\"title_position\":\"top-left\",\"title_rotation\":\"left\",\"vertical_align\":\"\",\"width\":\"default\"},\"children\":[{\"type\":\"row\",\"children\":[{\"type\":\"column\",\"props\":{\"image_position\":\"center-center\",\"position_sticky_breakpoint\":\"m\"},\"children\":[{\"type\":\"grid\",\"props\":{\"animation\":\"none\",\"content_column_breakpoint\":\"m\",\"content_margin\":\"remove\",\"content_style\":\"text-meta\",\"filter_align\":\"left\",\"filter_all\":true,\"filter_grid_breakpoint\":\"m\",\"filter_grid_width\":\"auto\",\"filter_position\":\"top\",\"filter_style\":\"tab\",\"grid_default\":\"2\",\"grid_masonry\":\"next\",\"grid_medium\":\"4\",\"grid_parallax\":\"200\",\"icon_width\":80,\"image_align\":\"top\",\"image_border\":\"rounded\",\"image_grid_breakpoint\":\"m\",\"image_grid_width\":\"1-2\",\"image_svg_color\":\"emphasis\",\"image_width\":\"610\",\"item_animation\":true,\"lightbox_bg_close\":true,\"link_style\":\"default\",\"link_text\":\"Read more\",\"margin\":\"large\",\"meta_align\":\"below-title\",\"meta_element\":\"div\",\"meta_margin\":\"remove\",\"meta_style\":\"text-meta\",\"parallax_easing\":\"1\",\"show_content\":true,\"show_hover_image\":true,\"show_hover_video\":true,\"show_image\":true,\"show_link\":true,\"show_meta\":true,\"show_title\":true,\"show_video\":true,\"title_align\":\"top\",\"title_element\":\"h3\",\"title_grid_breakpoint\":\"m\",\"title_grid_width\":\"1-2\",\"title_hover_style\":\"reset\",\"title_style\":\"h5\",\"visibility\":\"m\"},\"children\":[{\"type\":\"grid_item\",\"props\":{\"image\":\"wp-content\\\/uploads\\\/2025\\\/09\\\/Capture-decran-2025-09-27-a-17.11.18.png\",\"meta\":\"Sanchez & Zwahlen\",\"title\":\"Andr\\u00e9as\"}},{\"type\":\"grid_item\",\"props\":{\"image\":\"wp-content\\\/uploads\\\/2025\\\/09\\\/Capture-decran-2025-09-27-a-17.41.26.png\",\"meta\":\"Bodysport\",\"title\":\"Adrien\"}},{\"type\":\"grid_item\",\"props\":{\"image\":\"wp-content\\\/uploads\\\/2025\\\/09\\\/Capture-decran-2025-09-27-a-16.58.52.png\",\"meta\":\"FPPIC\",\"title\":\"R\\u00e9gine\"}},{\"type\":\"grid_item\",\"props\":{\"content\":\"\",\"image\":\"wp-content\\\/uploads\\\/2025\\\/09\\\/Capture-decran-2025-09-28-a-11.12.32.png\",\"meta\":\"Sanchez & Zwahlen\",\"title\":\"Rapha\\u00ebl\"}},{\"type\":\"grid_item\",\"props\":{\"image\":\"wp-content\\\/uploads\\\/2025\\\/09\\\/Capture-decran-2025-09-27-a-17.35.55.png\",\"meta\":\"MCCC\",\"title\":\"Virginie\"}},{\"type\":\"grid_item\",\"props\":{\"image\":\"wp-content\\\/uploads\\\/2025\\\/09\\\/Capture-decran-2025-09-28-a-12.02.03.png\",\"meta\":\"Best Suisse\",\"title\":\"Camille\"}}]}]}]}],\"modified\":\"2021-01-06T11:46:05.180Z\",\"name\":\"Team\"},{\"type\":\"section\",\"props\":{\"image_position\":\"center-center\",\"padding\":\"large\",\"padding_remove_bottom\":false,\"padding_remove_top\":false,\"style\":\"default\",\"title_breakpoint\":\"xl\",\"title_position\":\"top-left\",\"title_rotation\":\"left\",\"vertical_align\":\"\",\"width\":\"default\"},\"children\":[{\"type\":\"row\",\"children\":[{\"type\":\"column\",\"props\":{\"image_position\":\"center-center\",\"position_sticky_breakpoint\":\"m\"},\"children\":[{\"type\":\"headline\",\"props\":{\"content\":\"Pr\\u00eat \\u00e0 passer \\u00e0 l\\u2019action ?\",\"position\":\"relative\",\"position_z_index\":\"1\",\"text_align\":\"center\",\"title_element\":\"h2\"}},{\"type\":\"text\",\"props\":{\"block_align\":\"center\",\"column_breakpoint\":\"m\",\"content\":\"Que ce soit pour un projet IT, un d\\u00e9veloppement web ou un conseil strat\\u00e9gique, notre \\u00e9quipe est l\\u00e0 pour vous \\u00e9couter et vous accompagner.\",\"margin\":\"default\",\"maxwidth\":\"xlarge\",\"position\":\"relative\",\"position_z_index\":\"1\",\"text_align\":\"center\",\"text_style\":\"lead\"}},{\"type\":\"button\",\"props\":{\"grid_column_gap\":\"small\",\"grid_row_gap\":\"small\",\"margin\":\"medium\",\"position\":\"relative\",\"position_z_index\":\"1\",\"text_align\":\"center\"},\"children\":[{\"type\":\"button_item\",\"props\":{\"button_style\":\"primary\",\"content\":\"\\ud83d\\udc49 Discutons de vos besoins\",\"dialog_layout\":\"modal\",\"dialog_offcanvas_flip\":true,\"icon_align\":\"left\",\"link\":\"\\\/fr\\\/contact\\\/\"}}]},{\"type\":\"grid\",\"props\":{\"content_column_breakpoint\":\"m\",\"filter\":false,\"filter_align\":\"left\",\"filter_all\":true,\"filter_grid_breakpoint\":\"m\",\"filter_grid_width\":\"auto\",\"filter_position\":\"top\",\"filter_style\":\"tab\",\"grid_column_align\":false,\"grid_column_gap\":\"small\",\"grid_default\":\"1\",\"grid_divider\":true,\"grid_medium\":\"3\",\"grid_row_align\":false,\"grid_row_gap\":\"small\",\"icon_color\":\"primary\",\"icon_width\":\"40\",\"image_align\":\"left\",\"image_grid_breakpoint\":\"m\",\"image_grid_column_gap\":\"small\",\"image_grid_row_gap\":\"small\",\"image_grid_width\":\"large\",\"image_link\":false,\"image_svg_animate\":true,\"image_svg_color\":\"emphasis\",\"image_svg_inline\":false,\"image_vertical_align\":true,\"item_animation\":true,\"lightbox_bg_close\":true,\"link_style\":\"default\",\"link_text\":\"\",\"margin\":\"default\",\"margin_remove_top\":false,\"meta_align\":\"below-title\",\"meta_element\":\"div\",\"meta_style\":\"text-meta\",\"panel_image_no_padding\":false,\"panel_link\":true,\"panel_link_hover\":false,\"panel_padding\":\"small\",\"panel_style\":\"card-hover\",\"position_left\":\"90\",\"show_content\":false,\"show_hover_image\":false,\"show_hover_video\":false,\"show_image\":true,\"show_link\":true,\"show_meta\":false,\"show_title\":true,\"show_video\":false,\"text_align\":\"center\",\"title_align\":\"top\",\"title_color\":\"emphasis\",\"title_element\":\"div\",\"title_grid_breakpoint\":\"m\",\"title_grid_width\":\"1-2\",\"title_hover_style\":\"reset\",\"title_link\":false,\"title_style\":\"text-lead\"},\"children\":[{\"type\":\"grid_item\",\"props\":{\"content\":\"\",\"icon\":\"receiver\",\"link\":\"tel:+41273207600\",\"title\":\"027 320 76 00\"}},{\"type\":\"grid_item\",\"props\":{\"content\":\"\",\"icon\":\"whatsapp\",\"link\":\"https:\\\/\\\/wa.me\\\/41215150204\",\"title\":\"WhatsApp\"}},{\"type\":\"grid_item\",\"props\":{\"content\":\"\",\"icon\":\"mail\",\"link\":\"mailto:info@webidentity.ch\",\"title\":\"info@webidentity.ch\"}}]}]}]}],\"name\":\"Call to Action + links\"}],\"version\":\"4.5.33\"} --><\/p>\n","protected":false},"excerpt":{"rendered":"<p>Ils parlent de nous D\u00e9couvrez ce que disent nos clients et partenaires au sujet de leur collaboration avec Webidentity. 2013 Fondation de Webidentity 60+ PME accompagn\u00e9es en Suisse 280+ Projets IT &#038; digitaux r\u00e9ussis Andr\u00e9as Sanchez &#038; Zwahlen Adrien Bodysport R\u00e9gine FPPIC Rapha\u00ebl Sanchez &#038; Zwahlen Virginie MCCC Camille Best Suisse Pr\u00eat \u00e0 passer \u00e0 [&hellip;]<\/p>\n","protected":false},"author":1,"featured_media":0,"parent":0,"menu_order":0,"comment_status":"closed","ping_status":"closed","template":"","meta":{"_acf_changed":false,"content-type":"","inline_featured_image":false,"footnotes":""},"class_list":["post-781","page","type-page","status-publish","hentry"],"acf":[],"yoast_head":"<!-- This site is optimized with the Yoast SEO plugin v27.1.1 - https:\/\/yoast.com\/product\/yoast-seo-wordpress\/ -->\n<title>Wall of love \u2764\ufe0f<\/title>\n<meta name=\"description\" content=\"D\u00e9couvrez ce que disent nos clients et partenaires au sujet de leur collaboration avec Webidentity et de leur exp\u00e9rience.\" \/>\n<meta name=\"robots\" content=\"index, follow, max-snippet:-1, max-image-preview:large, max-video-preview:-1\" \/>\n<link rel=\"canonical\" href=\"https:\/\/webidentity.ch\/fr\/wall-of-love\/\" \/>\n<meta property=\"og:locale\" content=\"fr_FR\" \/>\n<meta property=\"og:type\" content=\"article\" \/>\n<meta property=\"og:title\" content=\"Wall of love \u2764\ufe0f\" \/>\n<meta property=\"og:description\" content=\"D\u00e9couvrez ce que disent nos clients et partenaires au sujet de leur collaboration avec Webidentity et de leur exp\u00e9rience.\" \/>\n<meta property=\"og:url\" content=\"https:\/\/webidentity.ch\/fr\/wall-of-love\/\" \/>\n<meta property=\"og:site_name\" content=\"Webidentity\" \/>\n<meta property=\"article:publisher\" content=\"https:\/\/www.facebook.com\/webidentity.ch\" \/>\n<meta property=\"article:modified_time\" content=\"2026-01-06T12:57:16+00:00\" \/>\n<meta name=\"twitter:card\" content=\"summary_large_image\" \/>\n<meta name=\"twitter:site\" content=\"@webidentity_ch\" \/>\n<meta name=\"twitter:label1\" content=\"Dur\u00e9e de lecture estim\u00e9e\" \/>\n\t<meta name=\"twitter:data1\" content=\"3 minutes\" \/>\n<script type=\"application\/ld+json\" class=\"yoast-schema-graph\">{\"@context\":\"https:\/\/schema.org\",\"@graph\":[{\"@type\":\"WebPage\",\"@id\":\"https:\/\/webidentity.ch\/fr\/wall-of-love\/\",\"url\":\"https:\/\/webidentity.ch\/fr\/wall-of-love\/\",\"name\":\"Wall of love \u2764\ufe0f\",\"isPartOf\":{\"@id\":\"https:\/\/webidentity.ch\/fr\/#website\"},\"datePublished\":\"2025-09-27T14:15:48+00:00\",\"dateModified\":\"2026-01-06T12:57:16+00:00\",\"description\":\"D\u00e9couvrez ce que disent nos clients et partenaires au sujet de leur collaboration avec Webidentity et de leur exp\u00e9rience.\",\"breadcrumb\":{\"@id\":\"https:\/\/webidentity.ch\/fr\/wall-of-love\/#breadcrumb\"},\"inLanguage\":\"fr-FR\",\"potentialAction\":[{\"@type\":\"ReadAction\",\"target\":[\"https:\/\/webidentity.ch\/fr\/wall-of-love\/\"]}]},{\"@type\":\"BreadcrumbList\",\"@id\":\"https:\/\/webidentity.ch\/fr\/wall-of-love\/#breadcrumb\",\"itemListElement\":[{\"@type\":\"ListItem\",\"position\":1,\"name\":\"Accueil\",\"item\":\"https:\/\/webidentity.ch\/fr\/\"},{\"@type\":\"ListItem\",\"position\":2,\"name\":\"Wall of love\"}]},{\"@type\":\"WebSite\",\"@id\":\"https:\/\/webidentity.ch\/fr\/#website\",\"url\":\"https:\/\/webidentity.ch\/fr\/\",\"name\":\"Webidentity\",\"description\":\"IT made simple\",\"publisher\":{\"@id\":\"https:\/\/webidentity.ch\/fr\/#organization\"},\"potentialAction\":[{\"@type\":\"SearchAction\",\"target\":{\"@type\":\"EntryPoint\",\"urlTemplate\":\"https:\/\/webidentity.ch\/fr\/?s={search_term_string}\"},\"query-input\":{\"@type\":\"PropertyValueSpecification\",\"valueRequired\":true,\"valueName\":\"search_term_string\"}}],\"inLanguage\":\"fr-FR\"},{\"@type\":\"Organization\",\"@id\":\"https:\/\/webidentity.ch\/fr\/#organization\",\"name\":\"Webidentity\",\"url\":\"https:\/\/webidentity.ch\/fr\/\",\"logo\":{\"@type\":\"ImageObject\",\"inLanguage\":\"fr-FR\",\"@id\":\"https:\/\/webidentity.ch\/fr\/#\/schema\/logo\/image\/\",\"url\":\"https:\/\/webidentity.ch\/wp-content\/uploads\/2025\/07\/logo-webidentity_new-slogan-blue_2.svg\",\"contentUrl\":\"https:\/\/webidentity.ch\/wp-content\/uploads\/2025\/07\/logo-webidentity_new-slogan-blue_2.svg\",\"width\":\"1024\",\"height\":\"1024\",\"caption\":\"Webidentity\"},\"image\":{\"@id\":\"https:\/\/webidentity.ch\/fr\/#\/schema\/logo\/image\/\"},\"sameAs\":[\"https:\/\/www.facebook.com\/webidentity.ch\",\"https:\/\/x.com\/webidentity_ch\",\"https:\/\/www.linkedin.com\/company\/webidentity-sarl\"]}]}<\/script>\n<!-- \/ Yoast SEO plugin. -->","yoast_head_json":{"title":"Wall of love \u2764\ufe0f","description":"D\u00e9couvrez ce que disent nos clients et partenaires au sujet de leur collaboration avec Webidentity et de leur exp\u00e9rience.","robots":{"index":"index","follow":"follow","max-snippet":"max-snippet:-1","max-image-preview":"max-image-preview:large","max-video-preview":"max-video-preview:-1"},"canonical":"https:\/\/webidentity.ch\/fr\/wall-of-love\/","og_locale":"fr_FR","og_type":"article","og_title":"Wall of love \u2764\ufe0f","og_description":"D\u00e9couvrez ce que disent nos clients et partenaires au sujet de leur collaboration avec Webidentity et de leur exp\u00e9rience.","og_url":"https:\/\/webidentity.ch\/fr\/wall-of-love\/","og_site_name":"Webidentity","article_publisher":"https:\/\/www.facebook.com\/webidentity.ch","article_modified_time":"2026-01-06T12:57:16+00:00","twitter_card":"summary_large_image","twitter_site":"@webidentity_ch","twitter_misc":{"Dur\u00e9e de lecture estim\u00e9e":"3 minutes"},"schema":{"@context":"https:\/\/schema.org","@graph":[{"@type":"WebPage","@id":"https:\/\/webidentity.ch\/fr\/wall-of-love\/","url":"https:\/\/webidentity.ch\/fr\/wall-of-love\/","name":"Wall of love \u2764\ufe0f","isPartOf":{"@id":"https:\/\/webidentity.ch\/fr\/#website"},"datePublished":"2025-09-27T14:15:48+00:00","dateModified":"2026-01-06T12:57:16+00:00","description":"D\u00e9couvrez ce que disent nos clients et partenaires au sujet de leur collaboration avec Webidentity et de leur exp\u00e9rience.","breadcrumb":{"@id":"https:\/\/webidentity.ch\/fr\/wall-of-love\/#breadcrumb"},"inLanguage":"fr-FR","potentialAction":[{"@type":"ReadAction","target":["https:\/\/webidentity.ch\/fr\/wall-of-love\/"]}]},{"@type":"BreadcrumbList","@id":"https:\/\/webidentity.ch\/fr\/wall-of-love\/#breadcrumb","itemListElement":[{"@type":"ListItem","position":1,"name":"Accueil","item":"https:\/\/webidentity.ch\/fr\/"},{"@type":"ListItem","position":2,"name":"Wall of love"}]},{"@type":"WebSite","@id":"https:\/\/webidentity.ch\/fr\/#website","url":"https:\/\/webidentity.ch\/fr\/","name":"Webidentity","description":"IT made simple","publisher":{"@id":"https:\/\/webidentity.ch\/fr\/#organization"},"potentialAction":[{"@type":"SearchAction","target":{"@type":"EntryPoint","urlTemplate":"https:\/\/webidentity.ch\/fr\/?s={search_term_string}"},"query-input":{"@type":"PropertyValueSpecification","valueRequired":true,"valueName":"search_term_string"}}],"inLanguage":"fr-FR"},{"@type":"Organization","@id":"https:\/\/webidentity.ch\/fr\/#organization","name":"Webidentity","url":"https:\/\/webidentity.ch\/fr\/","logo":{"@type":"ImageObject","inLanguage":"fr-FR","@id":"https:\/\/webidentity.ch\/fr\/#\/schema\/logo\/image\/","url":"https:\/\/webidentity.ch\/wp-content\/uploads\/2025\/07\/logo-webidentity_new-slogan-blue_2.svg","contentUrl":"https:\/\/webidentity.ch\/wp-content\/uploads\/2025\/07\/logo-webidentity_new-slogan-blue_2.svg","width":"1024","height":"1024","caption":"Webidentity"},"image":{"@id":"https:\/\/webidentity.ch\/fr\/#\/schema\/logo\/image\/"},"sameAs":["https:\/\/www.facebook.com\/webidentity.ch","https:\/\/x.com\/webidentity_ch","https:\/\/www.linkedin.com\/company\/webidentity-sarl"]}]}},"_links":{"self":[{"href":"https:\/\/webidentity.ch\/fr\/wp-json\/wp\/v2\/pages\/781","targetHints":{"allow":["GET"]}}],"collection":[{"href":"https:\/\/webidentity.ch\/fr\/wp-json\/wp\/v2\/pages"}],"about":[{"href":"https:\/\/webidentity.ch\/fr\/wp-json\/wp\/v2\/types\/page"}],"author":[{"embeddable":true,"href":"https:\/\/webidentity.ch\/fr\/wp-json\/wp\/v2\/users\/1"}],"replies":[{"embeddable":true,"href":"https:\/\/webidentity.ch\/fr\/wp-json\/wp\/v2\/comments?post=781"}],"version-history":[{"count":53,"href":"https:\/\/webidentity.ch\/fr\/wp-json\/wp\/v2\/pages\/781\/revisions"}],"predecessor-version":[{"id":1643,"href":"https:\/\/webidentity.ch\/fr\/wp-json\/wp\/v2\/pages\/781\/revisions\/1643"}],"wp:attachment":[{"href":"https:\/\/webidentity.ch\/fr\/wp-json\/wp\/v2\/media?parent=781"}],"curies":[{"name":"wp","href":"https:\/\/api.w.org\/{rel}","templated":true}]}}